{"id":1458,"date":"2026-01-06T12:01:14","date_gmt":"2026-01-06T11:01:14","guid":{"rendered":"https:\/\/subskrypcjaproduktow.pl\/?page_id=1458"},"modified":"2026-01-06T12:01:14","modified_gmt":"2026-01-06T11:01:14","slug":"warsztat-jak-zaprojektowac-skuteczny-model-subskrypcji-online-lub-onsite","status":"publish","type":"page","link":"https:\/\/subskrypcjaproduktow.pl\/?page_id=1458","title":{"rendered":"Warsztat: \u201eJak zaprojektowa\u0107 skuteczny model subskrypcji?\u201d\u00a0(Online lub Onsite)"},"content":{"rendered":"\n<p>Czas trwania:&nbsp;4h (z przerw\u0105)<\/p>\n\n\n\n<h4 class=\"wp-block-heading\">Plan:<\/h4>\n\n\n\n<ol class=\"wp-block-list\">\n<li>Wprowadzenie (15 min)\n<ul class=\"wp-block-list\">\n<li>Rola subskrypcji w nowoczesnym retail (prezentacja wybranych cas\u00f3w sukcesu)<\/li>\n\n\n\n<li>Trendy i prognozy<\/li>\n<\/ul>\n<\/li>\n\n\n\n<li>Analiza potencja\u0142u w Twojej firmie (45 min)\n<ul class=\"wp-block-list\">\n<li>Grupowa mapa asortymentu \u2013 kt\u00f3re produkty\/us\u0142ugi nadaj\u0105 si\u0119 do subskrypcji?<\/li>\n\n\n\n<li>Perspektywa klienta: czego potrzebuje klient subskrypcyjny?<\/li>\n\n\n\n<li>Mini-ankieta (na \u017cywo) + wyniki<\/li>\n<\/ul>\n<\/li>\n\n\n\n<li>Przerwa (15 min)<\/li>\n\n\n\n<li>Mapowanie proces\u00f3w\u2013 co musimy zmieni\u0107? (60 min)\n<ul class=\"wp-block-list\">\n<li>\u0106wiczenie: \u0142a\u0144cuch warto\u015bci klienta subskrypcyjnego<\/li>\n\n\n\n<li>Identyfikacja barier (procesy, IT, personel, logistyka)<\/li>\n\n\n\n<li>Pierwsza burza m\u00f3zg\u00f3w: Quick wins vs. najwi\u0119ksze blokery<\/li>\n<\/ul>\n<\/li>\n\n\n\n<li>Projektowanie MVP subskrypcji (45 min)\n<ul class=\"wp-block-list\">\n<li>Pomys\u0142y na pricing, cz\u0119stotliwo\u015b\u0107, komunikacj\u0119<\/li>\n\n\n\n<li>Modele technologiczne (SaaS, w\u0142asne rozwi\u0105zania)<\/li>\n\n\n\n<li>Inspiracje \u201ez rynku\u201d<\/li>\n<\/ul>\n<\/li>\n\n\n\n<li>Dyskusja i prezentacja wypracowanych prototyp\u00f3w (30 min)\n<ul class=\"wp-block-list\">\n<li>Szybkie prezentacje \u2013 ka\u017cdy zesp\u00f3\u0142 przedstawia sw\u00f3j model<\/li>\n\n\n\n<li>Feedback, wnioski<\/li>\n<\/ul>\n<\/li>\n\n\n\n<li>Podsumowanie i next steps (30 min)\n<ul class=\"wp-block-list\">\n<li>Najwa\u017cniejsze rekomendacje eksperta<\/li>\n\n\n\n<li>Przyk\u0142adowa lista kontrolna do wdro\u017cenia \u201ejutro\u201d<\/li>\n\n\n\n<li>Oferta dalszej wsp\u00f3\u0142pracy<\/li>\n<\/ul>\n<\/li>\n<\/ol>\n\n\n\n<h4 class=\"wp-block-heading\">Materia\u0142y po warsztacie:<\/h4>\n\n\n\n<ul class=\"wp-block-list\">\n<li>Prezentacja + raport PDF z wnioskami i rekomendacj\u0105<\/li>\n\n\n\n<li>Checklista wdro\u017ceniowa<\/li>\n\n\n\n<li>Szablon roadmapy wdro\u017cenia\/MVP<\/li>\n<\/ul>\n","protected":false},"excerpt":{"rendered":"<p>Czas trwania:&nbsp;4h (z przerw\u0105) Plan: Materia\u0142y po warsztacie:<\/p>\n","protected":false},"author":2,"featured_media":1459,"parent":0,"menu_order":0,"comment_status":"closed","ping_status":"closed","template":"","meta":{"footnotes":""},"class_list":["post-1458","page","type-page","status-publish","has-post-thumbnail","hentry"],"_links":{"self":[{"href":"https:\/\/subskrypcjaproduktow.pl\/index.php?rest_route=\/wp\/v2\/pages\/1458","targetHints":{"allow":["GET"]}}],"collection":[{"href":"https:\/\/subskrypcjaproduktow.pl\/index.php?rest_route=\/wp\/v2\/pages"}],"about":[{"href":"https:\/\/subskrypcjaproduktow.pl\/index.php?rest_route=\/wp\/v2\/types\/page"}],"author":[{"embeddable":true,"href":"https:\/\/subskrypcjaproduktow.pl\/index.php?rest_route=\/wp\/v2\/users\/2"}],"replies":[{"embeddable":true,"href":"https:\/\/subskrypcjaproduktow.pl\/index.php?rest_route=%2Fwp%2Fv2%2Fcomments&post=1458"}],"version-history":[{"count":2,"href":"https:\/\/subskrypcjaproduktow.pl\/index.php?rest_route=\/wp\/v2\/pages\/1458\/revisions"}],"predecessor-version":[{"id":1464,"href":"https:\/\/subskrypcjaproduktow.pl\/index.php?rest_route=\/wp\/v2\/pages\/1458\/revisions\/1464"}],"wp:featuredmedia":[{"embeddable":true,"href":"https:\/\/subskrypcjaproduktow.pl\/index.php?rest_route=\/wp\/v2\/media\/1459"}],"wp:attachment":[{"href":"https:\/\/subskrypcjaproduktow.pl\/index.php?rest_route=%2Fwp%2Fv2%2Fmedia&parent=1458"}],"curies":[{"name":"wp","href":"https:\/\/api.w.org\/{rel}","templated":true}]}}